{"id":18,"date":"2023-03-10T11:39:42","date_gmt":"2023-03-10T10:39:42","guid":{"rendered":"http:\/\/www.mannvommond.de\/?page_id=18"},"modified":"2023-03-29T11:29:44","modified_gmt":"2023-03-29T09:29:44","slug":"impressum","status":"publish","type":"page","link":"https:\/\/www.mannvommond.de\/en\/impressum\/","title":{"rendered":"Imprint"},"content":{"rendered":"<p><strong>Information according to \u00a7 5 TMG<\/strong><br>Daniel Schmitt<\/p>\n\n\n\n<p>The legal situation regarding the necessity of providing a private address when operating non-commercial sites, such as this blog, is currently not clear. As long as this is not clarified conclusively, I ask for your understanding that for the time being I only provide an e-mail address that can be used to contact me. This e-mail address will be checked regularly.<br><br><strong>Contact<\/strong><br>E-mail: hello@mannvommond.de<br><\/p>\n\n\n\n<p><strong>Editorially responsible<\/strong><br>Daniel Schmitt<br><\/p>\n\n\n\n<p><strong>Automatically translated with https:\/\/www.deepl.com, source:<\/strong><br><a href=\"https:\/\/www.e-recht24.de\" target=\"_blank\" rel=\"noreferrer noopener\">https:\/\/www.e-recht24.de<\/a><\/p>","protected":false},"excerpt":{"rendered":"<p>Angaben gem\u00e4\u00df \u00a7 5 TMGDaniel Schmitt Die rechtliche Situation \u00fcber die Notwendigkeit einer Angabe einer Privatadresse beim Betrieb nichtkommerzieller Seiten, wie beispielsweise dieses Blog, ist aktuell nicht eindeutig. So lange dies nicht abschlie\u00dfend gekl\u00e4rt ist, bitte ich um Verst\u00e4ndnis, dass ich vorerst nur eine E-Mail-Adresse angebe, \u00fcber die ich kontaktiert werden kann. Diese E-Mail-Adresse wird [&hellip;]<\/p>\n","protected":false},"author":1,"featured_media":0,"parent":0,"menu_order":0,"comment_status":"closed","ping_status":"closed","template":"","meta":{"ngg_post_thumbnail":0,"footnotes":""},"class_list":["post-18","page","type-page","status-publish","hentry"],"yoast_head":"<!-- This site is optimized with the Yoast SEO plugin v27.3 - https:\/\/yoast.com\/product\/yoast-seo-wordpress\/ -->\n<title>Impressum - Mann vom Mond<\/title>\n<meta name=\"robots\" content=\"index, follow, max-snippet:-1, max-image-preview:large, max-video-preview:-1\" \/>\n<link rel=\"canonical\" href=\"https:\/\/www.mannvommond.de\/en\/impressum\/\" \/>\n<meta property=\"og:locale\" content=\"en_GB\" \/>\n<meta property=\"og:type\" content=\"article\" \/>\n<meta property=\"og:title\" content=\"Impressum - Mann vom Mond\" \/>\n<meta property=\"og:description\" content=\"Angaben gem\u00e4\u00df \u00a7 5 TMGDaniel Schmitt Die rechtliche Situation \u00fcber die Notwendigkeit einer Angabe einer Privatadresse beim Betrieb nichtkommerzieller Seiten, wie beispielsweise dieses Blog, ist aktuell nicht eindeutig. So lange dies nicht abschlie\u00dfend gekl\u00e4rt ist, bitte ich um Verst\u00e4ndnis, dass ich vorerst nur eine E-Mail-Adresse angebe, \u00fcber die ich kontaktiert werden kann. Diese E-Mail-Adresse wird [&hellip;]\" \/>\n<meta property=\"og:url\" content=\"https:\/\/www.mannvommond.de\/en\/impressum\/\" \/>\n<meta property=\"og:site_name\" content=\"Mann vom Mond\" \/>\n<meta property=\"article:modified_time\" content=\"2023-03-29T09:29:44+00:00\" \/>\n<meta property=\"og:image\" content=\"https:\/\/www.mannvommond.de\/wp-content\/uploads\/2023\/03\/watermark.png\" \/>\n\t<meta property=\"og:image:width\" content=\"308\" \/>\n\t<meta property=\"og:image:height\" content=\"314\" \/>\n\t<meta property=\"og:image:type\" content=\"image\/png\" \/>\n<meta name=\"twitter:card\" content=\"summary_large_image\" \/>\n<meta name=\"twitter:label1\" content=\"Estimated reading time\" \/>\n\t<meta name=\"twitter:data1\" content=\"1 minute\" \/>\n<script type=\"application\/ld+json\" class=\"yoast-schema-graph\">{\"@context\":\"https:\\\/\\\/schema.org\",\"@graph\":[{\"@type\":\"WebPage\",\"@id\":\"https:\\\/\\\/www.mannvommond.de\\\/impressum\\\/\",\"url\":\"https:\\\/\\\/www.mannvommond.de\\\/impressum\\\/\",\"name\":\"Impressum - Mann vom Mond\",\"isPartOf\":{\"@id\":\"https:\\\/\\\/www.mannvommond.de\\\/#website\"},\"datePublished\":\"2023-03-10T10:39:42+00:00\",\"dateModified\":\"2023-03-29T09:29:44+00:00\",\"breadcrumb\":{\"@id\":\"https:\\\/\\\/www.mannvommond.de\\\/impressum\\\/#breadcrumb\"},\"inLanguage\":\"en-GB\",\"potentialAction\":[{\"@type\":\"ReadAction\",\"target\":[\"https:\\\/\\\/www.mannvommond.de\\\/impressum\\\/\"]}]},{\"@type\":\"BreadcrumbList\",\"@id\":\"https:\\\/\\\/www.mannvommond.de\\\/impressum\\\/#breadcrumb\",\"itemListElement\":[{\"@type\":\"ListItem\",\"position\":1,\"name\":\"Start\",\"item\":\"https:\\\/\\\/www.mannvommond.de\\\/\"},{\"@type\":\"ListItem\",\"position\":2,\"name\":\"Impressum\"}]},{\"@type\":\"WebSite\",\"@id\":\"https:\\\/\\\/www.mannvommond.de\\\/#website\",\"url\":\"https:\\\/\\\/www.mannvommond.de\\\/\",\"name\":\"Mann vom Mond\",\"description\":\"\",\"publisher\":{\"@id\":\"https:\\\/\\\/www.mannvommond.de\\\/#organization\"},\"potentialAction\":[{\"@type\":\"SearchAction\",\"target\":{\"@type\":\"EntryPoint\",\"urlTemplate\":\"https:\\\/\\\/www.mannvommond.de\\\/?s={search_term_string}\"},\"query-input\":{\"@type\":\"PropertyValueSpecification\",\"valueRequired\":true,\"valueName\":\"search_term_string\"}}],\"inLanguage\":\"en-GB\"},{\"@type\":\"Organization\",\"@id\":\"https:\\\/\\\/www.mannvommond.de\\\/#organization\",\"name\":\"Mann vom Mond\",\"url\":\"https:\\\/\\\/www.mannvommond.de\\\/\",\"logo\":{\"@type\":\"ImageObject\",\"inLanguage\":\"en-GB\",\"@id\":\"https:\\\/\\\/www.mannvommond.de\\\/#\\\/schema\\\/logo\\\/image\\\/\",\"url\":\"https:\\\/\\\/www.mannvommond.de\\\/wp-content\\\/uploads\\\/2023\\\/03\\\/logo_quer.png\",\"contentUrl\":\"https:\\\/\\\/www.mannvommond.de\\\/wp-content\\\/uploads\\\/2023\\\/03\\\/logo_quer.png\",\"width\":224,\"height\":39,\"caption\":\"Mann vom Mond\"},\"image\":{\"@id\":\"https:\\\/\\\/www.mannvommond.de\\\/#\\\/schema\\\/logo\\\/image\\\/\"}}]}<\/script>\n<!-- \/ Yoast SEO plugin. -->","yoast_head_json":{"title":"Impressum - Mann vom Mond","robots":{"index":"index","follow":"follow","max-snippet":"max-snippet:-1","max-image-preview":"max-image-preview:large","max-video-preview":"max-video-preview:-1"},"canonical":"https:\/\/www.mannvommond.de\/en\/impressum\/","og_locale":"en_GB","og_type":"article","og_title":"Impressum - Mann vom Mond","og_description":"Angaben gem\u00e4\u00df \u00a7 5 TMGDaniel Schmitt Die rechtliche Situation \u00fcber die Notwendigkeit einer Angabe einer Privatadresse beim Betrieb nichtkommerzieller Seiten, wie beispielsweise dieses Blog, ist aktuell nicht eindeutig. So lange dies nicht abschlie\u00dfend gekl\u00e4rt ist, bitte ich um Verst\u00e4ndnis, dass ich vorerst nur eine E-Mail-Adresse angebe, \u00fcber die ich kontaktiert werden kann. Diese E-Mail-Adresse wird [&hellip;]","og_url":"https:\/\/www.mannvommond.de\/en\/impressum\/","og_site_name":"Mann vom Mond","article_modified_time":"2023-03-29T09:29:44+00:00","og_image":[{"width":308,"height":314,"url":"https:\/\/www.mannvommond.de\/wp-content\/uploads\/2023\/03\/watermark.png","type":"image\/png"}],"twitter_card":"summary_large_image","twitter_misc":{"Estimated reading time":"1 minute"},"schema":{"@context":"https:\/\/schema.org","@graph":[{"@type":"WebPage","@id":"https:\/\/www.mannvommond.de\/impressum\/","url":"https:\/\/www.mannvommond.de\/impressum\/","name":"Impressum - Mann vom Mond","isPartOf":{"@id":"https:\/\/www.mannvommond.de\/#website"},"datePublished":"2023-03-10T10:39:42+00:00","dateModified":"2023-03-29T09:29:44+00:00","breadcrumb":{"@id":"https:\/\/www.mannvommond.de\/impressum\/#breadcrumb"},"inLanguage":"en-GB","potentialAction":[{"@type":"ReadAction","target":["https:\/\/www.mannvommond.de\/impressum\/"]}]},{"@type":"BreadcrumbList","@id":"https:\/\/www.mannvommond.de\/impressum\/#breadcrumb","itemListElement":[{"@type":"ListItem","position":1,"name":"Start","item":"https:\/\/www.mannvommond.de\/"},{"@type":"ListItem","position":2,"name":"Impressum"}]},{"@type":"WebSite","@id":"https:\/\/www.mannvommond.de\/#website","url":"https:\/\/www.mannvommond.de\/","name":"Mann from the Moon","description":"","publisher":{"@id":"https:\/\/www.mannvommond.de\/#organization"},"potentialAction":[{"@type":"SearchAction","target":{"@type":"EntryPoint","urlTemplate":"https:\/\/www.mannvommond.de\/?s={search_term_string}"},"query-input":{"@type":"PropertyValueSpecification","valueRequired":true,"valueName":"search_term_string"}}],"inLanguage":"en-GB"},{"@type":"Organization","@id":"https:\/\/www.mannvommond.de\/#organization","name":"Mann from the Moon","url":"https:\/\/www.mannvommond.de\/","logo":{"@type":"ImageObject","inLanguage":"en-GB","@id":"https:\/\/www.mannvommond.de\/#\/schema\/logo\/image\/","url":"https:\/\/www.mannvommond.de\/wp-content\/uploads\/2023\/03\/logo_quer.png","contentUrl":"https:\/\/www.mannvommond.de\/wp-content\/uploads\/2023\/03\/logo_quer.png","width":224,"height":39,"caption":"Mann vom Mond"},"image":{"@id":"https:\/\/www.mannvommond.de\/#\/schema\/logo\/image\/"}}]}},"_links":{"self":[{"href":"https:\/\/www.mannvommond.de\/en\/wp-json\/wp\/v2\/pages\/18","targetHints":{"allow":["GET"]}}],"collection":[{"href":"https:\/\/www.mannvommond.de\/en\/wp-json\/wp\/v2\/pages"}],"about":[{"href":"https:\/\/www.mannvommond.de\/en\/wp-json\/wp\/v2\/types\/page"}],"author":[{"embeddable":true,"href":"https:\/\/www.mannvommond.de\/en\/wp-json\/wp\/v2\/users\/1"}],"replies":[{"embeddable":true,"href":"https:\/\/www.mannvommond.de\/en\/wp-json\/wp\/v2\/comments?post=18"}],"version-history":[{"count":4,"href":"https:\/\/www.mannvommond.de\/en\/wp-json\/wp\/v2\/pages\/18\/revisions"}],"predecessor-version":[{"id":230,"href":"https:\/\/www.mannvommond.de\/en\/wp-json\/wp\/v2\/pages\/18\/revisions\/230"}],"wp:attachment":[{"href":"https:\/\/www.mannvommond.de\/en\/wp-json\/wp\/v2\/media?parent=18"}],"curies":[{"name":"wp","href":"https:\/\/api.w.org\/{rel}","templated":true}]}}