{"id":12,"date":"2023-03-10T11:14:01","date_gmt":"2023-03-10T10:14:01","guid":{"rendered":"http:\/\/www.mannvommond.de\/?page_id=12"},"modified":"2023-03-12T14:27:34","modified_gmt":"2023-03-12T13:27:34","slug":"ueber-mich","status":"publish","type":"page","link":"https:\/\/www.mannvommond.de\/en\/ueber-mich\/","title":{"rendered":"About me"},"content":{"rendered":"<p>Hello, I'm Daniel. And this is all about crafting, make-up prosthetics, creativity and cosplay. <\/p>\n\n\n\n<h2 class=\"wp-block-heading\">I love making stuff!<\/h2>\n\n\n\n<p>I always have, actually. But a few years ago I came into contact with cosplay for the first time and thought it was really great what people were creating. Not only because of the actual creativity, but also because they had to know so much for it. Sewing, crafting, they had to know about material science and, and, and.<\/p>\n\n\n\n<p>I wanted to be able to do that, too. Because at the same time I was also at my first convention, a Comic Con. But how do you do all that? How does it work? What do you need for it? I had so many questions. And YouTube and the Internet had the answers.<\/p>\n\n\n\n<h2 class=\"wp-block-heading\">How it began<\/h2>\n\n\n\n<p>So I got started. First of all with EVA foam and Worbla. Then I quickly realized that I also had to learn to sew. And always in the room was a dream I had as a child: make latex masks like in my beloved Star Trek.<\/p>\n\n\n\n<p>The Internet was a big help with the latter, too. I subscribed online to a special effects school in the States and watched hour after hour of classes. And learned a lot about silicone, latex, foam latex, mold making, airbrushing and much more.<\/p>\n\n\n\n<p>Gl\u00fccklicherweise bin ich in einer finanziellen Situation, dass ich mir all die teuren Werkzeuge und Materialien leisten kann. Deshalb begann ich, einfach mal ein wenig auszuprobieren. Und das wurde zu einer sehr, sehr spannenden Reise, auf der ich noch immer bin.<\/p>\n\n\n\n<p>I have learned a lot over the last few years. And of course I'm learning more and more with every project. And I want to share that with you. Because all the crafting makes me a lot of fun and it is insanely interesting what you need to make beautiful things.<\/p>\n\n\n\n<h2 class=\"wp-block-heading\">Join my journey!<\/h2>\n\n\n\n<p>Star Trek, aliens, monsters, costumes, prosthetics, special effects makeup, plotters, screwing, gluing, 3D printing, resin, resin, silicone, latex, foam latex... there is so much that is fun. I try a lot of new things because at the end of the day, every new skill I learn contributes to my creative outlet. So let's see where the journey is going. <\/p>\n\n\n\n<h2 class=\"wp-block-heading\">Inspire me!<\/h2>\n\n\n\n<p>Vielleicht habt ihr ja auch Ideen, Inspirationen, Fragen oder Anregungen. <a href=\"https:\/\/www.mannvommond.de\/en\/kontakt\/\">Share them with me!<\/a> Creativity lives from exchange. Maybe I can help you with my experience. Or you have a great idea what you could try out. Keep it coming. Let's see where the journey takes us!<\/p>\n\n\n\n<p>Your<\/p>\n\n\n\n<p>Mann from the Moon<\/p>\n\n\n<div class=\"wp-block-image\">\n<figure class=\"aligncenter size-full\"><img loading=\"lazy\" decoding=\"async\" width=\"269\" height=\"500\" src=\"https:\/\/www.mannvommond.de\/wp-content\/uploads\/2023\/03\/mann_vom_mon.png\" alt=\"Karikatur von Daniel, dem Mann vom Mond\" class=\"wp-image-82\" srcset=\"https:\/\/www.mannvommond.de\/wp-content\/uploads\/2023\/03\/mann_vom_mon.png 269w, https:\/\/www.mannvommond.de\/wp-content\/uploads\/2023\/03\/mann_vom_mon-161x300.png 161w, https:\/\/www.mannvommond.de\/wp-content\/uploads\/2023\/03\/mann_vom_mon-6x12.png 6w\" sizes=\"auto, (max-width: 269px) 100vw, 269px\" \/><\/figure>\n<\/div>","protected":false},"excerpt":{"rendered":"<p>Hallo, ich bin Daniel. Und hier geht es um Basteln, Kreativit\u00e4t und Cosplay. Ich liebe es, Zeug zu machen! Das habe ich eigentlich schon immer. Aber vor ein paar Jahren kam ich das erste Mal mit Cosplay in Ber\u00fchrung und fand es ganz gro\u00dfartig, was die Leute da schaffen. Nicht nur wegen der eigentlichen Kreativit\u00e4t, [&hellip;]<\/p>\n","protected":false},"author":1,"featured_media":0,"parent":0,"menu_order":0,"comment_status":"closed","ping_status":"closed","template":"","meta":{"ngg_post_thumbnail":0,"footnotes":""},"class_list":["post-12","page","type-page","status-publish","hentry"],"yoast_head":"<!-- This site is optimized with the Yoast SEO plugin v27.3 - https:\/\/yoast.com\/product\/yoast-seo-wordpress\/ -->\n<title>\u00dcber mich - Mann vom Mond<\/title>\n<meta name=\"description\" content=\"Mann vom Mond, Crafting, Cosplay, N\u00e4hen, Latex, Schaumlatex, Silikon, Prosthetik, Basteln, Handwerk\" \/>\n<meta name=\"robots\" content=\"index, follow, max-snippet:-1, max-image-preview:large, max-video-preview:-1\" \/>\n<link rel=\"canonical\" href=\"https:\/\/www.mannvommond.de\/en\/ueber-mich\/\" \/>\n<meta property=\"og:locale\" content=\"en_GB\" \/>\n<meta property=\"og:type\" content=\"article\" \/>\n<meta property=\"og:title\" content=\"\u00dcber mich - Mann vom Mond\" \/>\n<meta property=\"og:description\" content=\"Mann vom Mond, Crafting, Cosplay, N\u00e4hen, Latex, Schaumlatex, Silikon, Prosthetik, Basteln, Handwerk\" \/>\n<meta property=\"og:url\" content=\"https:\/\/www.mannvommond.de\/en\/ueber-mich\/\" \/>\n<meta property=\"og:site_name\" content=\"Mann vom Mond\" \/>\n<meta property=\"article:modified_time\" content=\"2023-03-12T13:27:34+00:00\" \/>\n<meta property=\"og:image\" content=\"http:\/\/www.mannvommond.de\/wp-content\/uploads\/2023\/03\/mann_vom_mon.png\" \/>\n<meta name=\"twitter:card\" content=\"summary_large_image\" \/>\n<meta name=\"twitter:label1\" content=\"Estimated reading time\" \/>\n\t<meta name=\"twitter:data1\" content=\"3 minutes\" \/>\n<script type=\"application\/ld+json\" class=\"yoast-schema-graph\">{\"@context\":\"https:\\\/\\\/schema.org\",\"@graph\":[{\"@type\":\"WebPage\",\"@id\":\"https:\\\/\\\/www.mannvommond.de\\\/ueber-mich\\\/\",\"url\":\"https:\\\/\\\/www.mannvommond.de\\\/ueber-mich\\\/\",\"name\":\"\u00dcber mich - Mann vom Mond\",\"isPartOf\":{\"@id\":\"https:\\\/\\\/www.mannvommond.de\\\/#website\"},\"primaryImageOfPage\":{\"@id\":\"https:\\\/\\\/www.mannvommond.de\\\/ueber-mich\\\/#primaryimage\"},\"image\":{\"@id\":\"https:\\\/\\\/www.mannvommond.de\\\/ueber-mich\\\/#primaryimage\"},\"thumbnailUrl\":\"http:\\\/\\\/www.mannvommond.de\\\/wp-content\\\/uploads\\\/2023\\\/03\\\/mann_vom_mon.png\",\"datePublished\":\"2023-03-10T10:14:01+00:00\",\"dateModified\":\"2023-03-12T13:27:34+00:00\",\"description\":\"Mann vom Mond, Crafting, Cosplay, N\u00e4hen, Latex, Schaumlatex, Silikon, Prosthetik, Basteln, Handwerk\",\"breadcrumb\":{\"@id\":\"https:\\\/\\\/www.mannvommond.de\\\/ueber-mich\\\/#breadcrumb\"},\"inLanguage\":\"en-GB\",\"potentialAction\":[{\"@type\":\"ReadAction\",\"target\":[\"https:\\\/\\\/www.mannvommond.de\\\/ueber-mich\\\/\"]}]},{\"@type\":\"ImageObject\",\"inLanguage\":\"en-GB\",\"@id\":\"https:\\\/\\\/www.mannvommond.de\\\/ueber-mich\\\/#primaryimage\",\"url\":\"http:\\\/\\\/www.mannvommond.de\\\/wp-content\\\/uploads\\\/2023\\\/03\\\/mann_vom_mon.png\",\"contentUrl\":\"http:\\\/\\\/www.mannvommond.de\\\/wp-content\\\/uploads\\\/2023\\\/03\\\/mann_vom_mon.png\"},{\"@type\":\"BreadcrumbList\",\"@id\":\"https:\\\/\\\/www.mannvommond.de\\\/ueber-mich\\\/#breadcrumb\",\"itemListElement\":[{\"@type\":\"ListItem\",\"position\":1,\"name\":\"Start\",\"item\":\"https:\\\/\\\/www.mannvommond.de\\\/\"},{\"@type\":\"ListItem\",\"position\":2,\"name\":\"\u00dcber mich\"}]},{\"@type\":\"WebSite\",\"@id\":\"https:\\\/\\\/www.mannvommond.de\\\/#website\",\"url\":\"https:\\\/\\\/www.mannvommond.de\\\/\",\"name\":\"Mann vom Mond\",\"description\":\"\",\"publisher\":{\"@id\":\"https:\\\/\\\/www.mannvommond.de\\\/#organization\"},\"potentialAction\":[{\"@type\":\"SearchAction\",\"target\":{\"@type\":\"EntryPoint\",\"urlTemplate\":\"https:\\\/\\\/www.mannvommond.de\\\/?s={search_term_string}\"},\"query-input\":{\"@type\":\"PropertyValueSpecification\",\"valueRequired\":true,\"valueName\":\"search_term_string\"}}],\"inLanguage\":\"en-GB\"},{\"@type\":\"Organization\",\"@id\":\"https:\\\/\\\/www.mannvommond.de\\\/#organization\",\"name\":\"Mann vom Mond\",\"url\":\"https:\\\/\\\/www.mannvommond.de\\\/\",\"logo\":{\"@type\":\"ImageObject\",\"inLanguage\":\"en-GB\",\"@id\":\"https:\\\/\\\/www.mannvommond.de\\\/#\\\/schema\\\/logo\\\/image\\\/\",\"url\":\"https:\\\/\\\/www.mannvommond.de\\\/wp-content\\\/uploads\\\/2023\\\/03\\\/logo_quer.png\",\"contentUrl\":\"https:\\\/\\\/www.mannvommond.de\\\/wp-content\\\/uploads\\\/2023\\\/03\\\/logo_quer.png\",\"width\":224,\"height\":39,\"caption\":\"Mann vom Mond\"},\"image\":{\"@id\":\"https:\\\/\\\/www.mannvommond.de\\\/#\\\/schema\\\/logo\\\/image\\\/\"}}]}<\/script>\n<!-- \/ Yoast SEO plugin. -->","yoast_head_json":{"title":"\u00dcber mich - Mann vom Mond","description":"Mann vom Mond, Crafting, Cosplay, N\u00e4hen, Latex, Schaumlatex, Silikon, Prosthetik, Basteln, Handwerk","robots":{"index":"index","follow":"follow","max-snippet":"max-snippet:-1","max-image-preview":"max-image-preview:large","max-video-preview":"max-video-preview:-1"},"canonical":"https:\/\/www.mannvommond.de\/en\/ueber-mich\/","og_locale":"en_GB","og_type":"article","og_title":"\u00dcber mich - Mann vom Mond","og_description":"Mann vom Mond, Crafting, Cosplay, N\u00e4hen, Latex, Schaumlatex, Silikon, Prosthetik, Basteln, Handwerk","og_url":"https:\/\/www.mannvommond.de\/en\/ueber-mich\/","og_site_name":"Mann vom Mond","article_modified_time":"2023-03-12T13:27:34+00:00","og_image":[{"url":"http:\/\/www.mannvommond.de\/wp-content\/uploads\/2023\/03\/mann_vom_mon.png","type":"","width":"","height":""}],"twitter_card":"summary_large_image","twitter_misc":{"Estimated reading time":"3 minutes"},"schema":{"@context":"https:\/\/schema.org","@graph":[{"@type":"WebPage","@id":"https:\/\/www.mannvommond.de\/ueber-mich\/","url":"https:\/\/www.mannvommond.de\/ueber-mich\/","name":"\u00dcber mich - Mann vom Mond","isPartOf":{"@id":"https:\/\/www.mannvommond.de\/#website"},"primaryImageOfPage":{"@id":"https:\/\/www.mannvommond.de\/ueber-mich\/#primaryimage"},"image":{"@id":"https:\/\/www.mannvommond.de\/ueber-mich\/#primaryimage"},"thumbnailUrl":"http:\/\/www.mannvommond.de\/wp-content\/uploads\/2023\/03\/mann_vom_mon.png","datePublished":"2023-03-10T10:14:01+00:00","dateModified":"2023-03-12T13:27:34+00:00","description":"Mann vom Mond, Crafting, Cosplay, N\u00e4hen, Latex, Schaumlatex, Silikon, Prosthetik, Basteln, Handwerk","breadcrumb":{"@id":"https:\/\/www.mannvommond.de\/ueber-mich\/#breadcrumb"},"inLanguage":"en-GB","potentialAction":[{"@type":"ReadAction","target":["https:\/\/www.mannvommond.de\/ueber-mich\/"]}]},{"@type":"ImageObject","inLanguage":"en-GB","@id":"https:\/\/www.mannvommond.de\/ueber-mich\/#primaryimage","url":"http:\/\/www.mannvommond.de\/wp-content\/uploads\/2023\/03\/mann_vom_mon.png","contentUrl":"http:\/\/www.mannvommond.de\/wp-content\/uploads\/2023\/03\/mann_vom_mon.png"},{"@type":"BreadcrumbList","@id":"https:\/\/www.mannvommond.de\/ueber-mich\/#breadcrumb","itemListElement":[{"@type":"ListItem","position":1,"name":"Start","item":"https:\/\/www.mannvommond.de\/"},{"@type":"ListItem","position":2,"name":"\u00dcber mich"}]},{"@type":"WebSite","@id":"https:\/\/www.mannvommond.de\/#website","url":"https:\/\/www.mannvommond.de\/","name":"Mann from the Moon","description":"","publisher":{"@id":"https:\/\/www.mannvommond.de\/#organization"},"potentialAction":[{"@type":"SearchAction","target":{"@type":"EntryPoint","urlTemplate":"https:\/\/www.mannvommond.de\/?s={search_term_string}"},"query-input":{"@type":"PropertyValueSpecification","valueRequired":true,"valueName":"search_term_string"}}],"inLanguage":"en-GB"},{"@type":"Organization","@id":"https:\/\/www.mannvommond.de\/#organization","name":"Mann from the Moon","url":"https:\/\/www.mannvommond.de\/","logo":{"@type":"ImageObject","inLanguage":"en-GB","@id":"https:\/\/www.mannvommond.de\/#\/schema\/logo\/image\/","url":"https:\/\/www.mannvommond.de\/wp-content\/uploads\/2023\/03\/logo_quer.png","contentUrl":"https:\/\/www.mannvommond.de\/wp-content\/uploads\/2023\/03\/logo_quer.png","width":224,"height":39,"caption":"Mann vom Mond"},"image":{"@id":"https:\/\/www.mannvommond.de\/#\/schema\/logo\/image\/"}}]}},"_links":{"self":[{"href":"https:\/\/www.mannvommond.de\/en\/wp-json\/wp\/v2\/pages\/12","targetHints":{"allow":["GET"]}}],"collection":[{"href":"https:\/\/www.mannvommond.de\/en\/wp-json\/wp\/v2\/pages"}],"about":[{"href":"https:\/\/www.mannvommond.de\/en\/wp-json\/wp\/v2\/types\/page"}],"author":[{"embeddable":true,"href":"https:\/\/www.mannvommond.de\/en\/wp-json\/wp\/v2\/users\/1"}],"replies":[{"embeddable":true,"href":"https:\/\/www.mannvommond.de\/en\/wp-json\/wp\/v2\/comments?post=12"}],"version-history":[{"count":6,"href":"https:\/\/www.mannvommond.de\/en\/wp-json\/wp\/v2\/pages\/12\/revisions"}],"predecessor-version":[{"id":90,"href":"https:\/\/www.mannvommond.de\/en\/wp-json\/wp\/v2\/pages\/12\/revisions\/90"}],"wp:attachment":[{"href":"https:\/\/www.mannvommond.de\/en\/wp-json\/wp\/v2\/media?parent=12"}],"curies":[{"name":"wp","href":"https:\/\/api.w.org\/{rel}","templated":true}]}}